{"id":2,"date":"2020-12-07T09:51:21","date_gmt":"2020-12-07T09:51:21","guid":{"rendered":"https:\/\/plb-media.com\/pt\/?page_id=2"},"modified":"2020-12-08T10:25:56","modified_gmt":"2020-12-08T10:25:56","slug":"about-us","status":"publish","type":"page","link":"https:\/\/plb-media.com\/pt\/about-us\/","title":{"rendered":"Sobre nos"},"content":{"rendered":"\n<div class=\"wp-block-image\"><figure class=\"aligncenter size-large is-resized\"><img loading=\"lazy\" src=\"https:\/\/plb-media.com\/pt\/wp-content\/uploads\/2020\/12\/PLB_MEDIALOGO-1.png\" alt=\"\" class=\"wp-image-39\" width=\"409\" height=\"154\" srcset=\"https:\/\/plb-media.com\/pt\/wp-content\/uploads\/2020\/12\/PLB_MEDIALOGO-1.png 600w, https:\/\/plb-media.com\/pt\/wp-content\/uploads\/2020\/12\/PLB_MEDIALOGO-1-300x113.png 300w\" sizes=\"(max-width: 409px) 100vw, 409px\" \/><\/figure><\/div>\n\n\n\n<p class=\"has-text-align-center\">Da concep\u00e7\u00e3o \u00e0 implementa\u00e7\u00e3o, oferecemos aos nossos clientes solu\u00e7\u00f5es de alta qualidade em termos de design e tecnologia. Somos uma equipe pequena e bem coordenada de pessoas motivadas que amam a World Wide Web e apreciam um bom design. Oferecemos-lhe uma implementa\u00e7\u00e3o r\u00e1pida e eficiente da sua tarefa.<\/p>\n\n\n\n<p class=\"has-text-align-center\">Com uma rede de especialistas das \u00e1reas de design, texto e tecnologia, reunimos as equipes que melhor se adaptam \u00e0 tarefa. Isso garante o cumprimento absoluto dos prazos e garante a qualidade do resultado. Trabalhamos em rede para solu\u00e7\u00f5es inovadoras, servi\u00e7os criativos e custos transparentes atrav\u00e9s de uma divis\u00e3o clara de tarefas.<\/p>\n\n\n\n<p class=\"has-text-align-center\">Somos uma ag\u00eancia de internet sediada em Recife \/ Brasil e assessoramos empresas de todo o mundo dos mais diversos segmentos de mercado na concep\u00e7\u00e3o, implanta\u00e7\u00e3o e suporte permanente de todo o site.<\/p>\n\n\n\n<p class=\"has-text-align-center\">Implementamos de forma consistente os requisitos impostos a n\u00f3s. Crie solu\u00e7\u00f5es adequadas. Que s\u00e3o adaptados aos requisitos e desejos do usu\u00e1rio. Como ag\u00eancia de Internet, criamos o seu site individual: de forma r\u00e1pida, competente e criativa. A produ\u00e7\u00e3o de aplicativos da web inovadores e amig\u00e1veis \u200b\u200b\u00e9 nosso objetivo comum. Conven\u00e7a-se!<\/p>\n","protected":false},"excerpt":{"rendered":"<p>Da concep\u00e7\u00e3o \u00e0 implementa\u00e7\u00e3o, oferecemos aos nossos clientes solu\u00e7\u00f5es de alta qualidade em termos de design e tecnologia. Somos uma equipe pequena e bem coordenada de pessoas motivadas que amam a World Wide Web e apreciam um bom design. Oferecemos-lhe uma implementa\u00e7\u00e3o r\u00e1pida e eficiente da sua tarefa. Com uma rede de especialistas das \u00e1reas&hellip; <br \/> <a class=\"read-more\" href=\"https:\/\/plb-media.com\/pt\/about-us\/\">Weiterlesen<\/a><\/p>\n","protected":false},"author":1,"featured_media":0,"parent":0,"menu_order":2,"comment_status":"closed","ping_status":"closed","template":"","meta":[],"_links":{"self":[{"href":"https:\/\/plb-media.com\/pt\/wp-json\/wp\/v2\/pages\/2"}],"collection":[{"href":"https:\/\/plb-media.com\/pt\/wp-json\/wp\/v2\/pages"}],"about":[{"href":"https:\/\/plb-media.com\/pt\/wp-json\/wp\/v2\/types\/page"}],"author":[{"embeddable":true,"href":"https:\/\/plb-media.com\/pt\/wp-json\/wp\/v2\/users\/1"}],"replies":[{"embeddable":true,"href":"https:\/\/plb-media.com\/pt\/wp-json\/wp\/v2\/comments?post=2"}],"version-history":[{"count":4,"href":"https:\/\/plb-media.com\/pt\/wp-json\/wp\/v2\/pages\/2\/revisions"}],"predecessor-version":[{"id":50,"href":"https:\/\/plb-media.com\/pt\/wp-json\/wp\/v2\/pages\/2\/revisions\/50"}],"wp:attachment":[{"href":"https:\/\/plb-media.com\/pt\/wp-json\/wp\/v2\/media?parent=2"}],"curies":[{"name":"wp","href":"https:\/\/api.w.org\/{rel}","templated":true}]}}