{"id":2,"date":"2020-12-07T09:51:21","date_gmt":"2020-12-07T09:51:21","guid":{"rendered":"https:\/\/plb-media.com\/de\/?page_id=2"},"modified":"2020-12-08T09:58:20","modified_gmt":"2020-12-08T09:58:20","slug":"about-us","status":"publish","type":"page","link":"https:\/\/plb-media.com\/de\/about-us\/","title":{"rendered":"\u00dcber uns"},"content":{"rendered":"\n<div class=\"wp-block-image\"><figure class=\"aligncenter size-large is-resized\"><img loading=\"lazy\" src=\"https:\/\/plb-media.com\/de\/wp-content\/uploads\/2020\/12\/PLB_MEDIALOGO-1.png\" alt=\"\" class=\"wp-image-39\" width=\"409\" height=\"154\" srcset=\"https:\/\/plb-media.com\/de\/wp-content\/uploads\/2020\/12\/PLB_MEDIALOGO-1.png 600w, https:\/\/plb-media.com\/de\/wp-content\/uploads\/2020\/12\/PLB_MEDIALOGO-1-300x113.png 300w\" sizes=\"(max-width: 409px) 100vw, 409px\" \/><\/figure><\/div>\n\n\n\n<p class=\"has-text-align-center\">Von der Konzeption bis zur Realisation bieten wir unseren Kunden gestalterisch und technisch hochwertige L\u00f6sungen. Wir sind ein kleines, eingespieltes Team aus motivierten Menschen, die das World-Wide-Web lieben und gutes Design sch\u00e4tzen. Wir bieten Ihnen eine schnelle und effiziente Umsetzung Ihrer Aufgabenstellung.<\/p>\n\n\n\n<p class=\"has-text-align-center\">Durch ein Netzwerk von Spezialisten aus den Bereichen Design, Text und Technologie setzen wir jeweils die Teams zusammen, die am besten zur Aufgabe passen. Das sorgt f\u00fcr absolute Termintreue und garantiert die Qualit\u00e4t des Ergebnisses. Wir arbeiten im Netzwerk f\u00fcr innovative L\u00f6sungen, kreative Leistungen und transparente Kosten durch eine klare Aufgabenverteilung.<\/p>\n\n\n\n<p class=\"has-text-align-center\">Wir sind eine Internetagentur mit Sitz in Recife\/Brasilien&nbsp;und beraten Firmen weltweit aus den verschiedensten Branchen bei der Konzeption, Realisierung und bei der laufenden Betreuung f\u00fcr den gesamten Internetauftritt.<\/p>\n\n\n\n<p class=\"has-text-align-center\">Wir setzen die an uns gestellten Anforderungen konsequent um. Schaffen L\u00f6sungen, die passen. Die auf die Anforderungen und W\u00fcnsche der Anwender zugeschnitten sind. Als Internetagentur erstellen wir Ihre individuelle Website: schnell, kompetent und kreativ. Die Produktion von bedienerfreundlichen und innovativen Webanwendungen ist unser gemeinsames Ziel. \u00dcberzeugen Sie sich!<\/p>\n","protected":false},"excerpt":{"rendered":"<p>Von der Konzeption bis zur Realisation bieten wir unseren Kunden gestalterisch und technisch hochwertige L\u00f6sungen. Wir sind ein kleines, eingespieltes Team aus motivierten Menschen, die das World-Wide-Web lieben und gutes Design sch\u00e4tzen. Wir bieten Ihnen eine schnelle und effiziente Umsetzung Ihrer Aufgabenstellung. Durch ein Netzwerk von Spezialisten aus den Bereichen Design, Text und Technologie setzen&hellip; <br \/> <a class=\"read-more\" href=\"https:\/\/plb-media.com\/de\/about-us\/\">Weiterlesen<\/a><\/p>\n","protected":false},"author":1,"featured_media":0,"parent":0,"menu_order":2,"comment_status":"closed","ping_status":"closed","template":"","meta":[],"_links":{"self":[{"href":"https:\/\/plb-media.com\/de\/wp-json\/wp\/v2\/pages\/2"}],"collection":[{"href":"https:\/\/plb-media.com\/de\/wp-json\/wp\/v2\/pages"}],"about":[{"href":"https:\/\/plb-media.com\/de\/wp-json\/wp\/v2\/types\/page"}],"author":[{"embeddable":true,"href":"https:\/\/plb-media.com\/de\/wp-json\/wp\/v2\/users\/1"}],"replies":[{"embeddable":true,"href":"https:\/\/plb-media.com\/de\/wp-json\/wp\/v2\/comments?post=2"}],"version-history":[{"count":5,"href":"https:\/\/plb-media.com\/de\/wp-json\/wp\/v2\/pages\/2\/revisions"}],"predecessor-version":[{"id":52,"href":"https:\/\/plb-media.com\/de\/wp-json\/wp\/v2\/pages\/2\/revisions\/52"}],"wp:attachment":[{"href":"https:\/\/plb-media.com\/de\/wp-json\/wp\/v2\/media?parent=2"}],"curies":[{"name":"wp","href":"https:\/\/api.w.org\/{rel}","templated":true}]}}